{"id":459,"date":"2026-03-10T11:10:24","date_gmt":"2026-03-10T14:10:24","guid":{"rendered":"https:\/\/www.segertech.com.br\/blog\/?page_id=459"},"modified":"2026-03-10T14:13:15","modified_gmt":"2026-03-10T17:13:15","slug":"casos-de-sucesso","status":"publish","type":"page","link":"https:\/\/www.segertech.com.br\/blog\/casos-de-sucesso\/","title":{"rendered":"Casos de Sucesso"},"content":{"rendered":"\n<div class=\"wp-block-query is-layout-flow wp-block-query-is-layout-flow\"><ul class=\"wp-block-post-template is-layout-flow wp-block-post-template-is-layout-flow\"><li class=\"wp-block-post post-454 post type-post status-publish format-standard has-post-thumbnail hentry category-casos-de-sucesso tag-ruckus-networks tag-wireless-corporativo\">\n<h2 class=\"wp-block-post-title\"><a href=\"https:\/\/www.segertech.com.br\/blog\/como-san-jose-virou-cidade-inteligente-com-ruckus-wi-fi\/\" target=\"_self\" >Como San Jos\u00e9 Virou Cidade Inteligente com RUCKUS Wi-Fi<\/a><\/h2>\n\n<figure class=\"alignwide wp-block-post-featured-image\"><a href=\"https:\/\/www.segertech.com.br\/blog\/como-san-jose-virou-cidade-inteligente-com-ruckus-wi-fi\/\" target=\"_self\"  ><img loading=\"lazy\" decoding=\"async\" width=\"1080\" height=\"545\" src=\"https:\/\/www.segertech.com.br\/blog\/wp-content\/uploads\/2026\/03\/san-jose-ruckus-wifi-case-1080.jpg\" class=\"attachment-post-thumbnail size-post-thumbnail wp-post-image\" alt=\"Como San Jos\u00e9 Virou Cidade Inteligente com RUCKUS Wi-Fi\" style=\"object-fit:cover;\" srcset=\"https:\/\/www.segertech.com.br\/blog\/wp-content\/uploads\/2026\/03\/san-jose-ruckus-wifi-case-1080.jpg 1080w, https:\/\/www.segertech.com.br\/blog\/wp-content\/uploads\/2026\/03\/san-jose-ruckus-wifi-case-1080-300x151.jpg 300w, https:\/\/www.segertech.com.br\/blog\/wp-content\/uploads\/2026\/03\/san-jose-ruckus-wifi-case-1080-1024x517.jpg 1024w, https:\/\/www.segertech.com.br\/blog\/wp-content\/uploads\/2026\/03\/san-jose-ruckus-wifi-case-1080-768x388.jpg 768w\" sizes=\"auto, 100vw\" \/><\/a><\/figure>\n\n<div class=\"wp-block-post-excerpt\"><p class=\"wp-block-post-excerpt__excerpt\">Quando pensamos em infraestrutura de rede Wi-Fi corporativa de alto impacto, poucas hist\u00f3rias s\u00e3o t\u00e3o completas quanto a de San Jos\u00e9, capital do Vale do Sil\u00edcio. Durante 10 anos consecutivos, a cidade californiana construiu, junto com a RUCKUS Networks, uma das redes wireless mais robustas e inteligentes dos Estados Unidos \u2014 cobrindo escolas p\u00fablicas, o<\/p><p class=\"wp-block-post-excerpt__more-text\"><a class=\"wp-block-post-excerpt__more-link\" href=\"https:\/\/www.segertech.com.br\/blog\/como-san-jose-virou-cidade-inteligente-com-ruckus-wi-fi\/\">Leia mais<\/a><\/p><\/div>\n\n\n<hr class=\"wp-block-separator has-css-opacity\"\/>\n\n\n<div class=\"wp-block-post-date\"><time datetime=\"2026-03-10T11:00:36-03:00\">10 de mar\u00e7o de 2026<\/time><\/div>\n<\/li><\/ul><\/div>\n","protected":false},"excerpt":{"rendered":"","protected":false},"author":2,"featured_media":0,"parent":0,"menu_order":0,"comment_status":"closed","ping_status":"closed","template":"","meta":{"footnotes":""},"class_list":["post-459","page","type-page","status-publish","hentry"],"yoast_head":"<!-- This site is optimized with the Yoast SEO plugin v27.4 - https:\/\/yoast.com\/product\/yoast-seo-wordpress\/ -->\n<title>Casos de Sucesso - Blog Segertech<\/title>\n<meta name=\"robots\" content=\"index, follow, max-snippet:-1, max-image-preview:large, max-video-preview:-1\" \/>\n<link rel=\"canonical\" href=\"https:\/\/www.segertech.com.br\/blog\/casos-de-sucesso\/\" \/>\n<meta property=\"og:locale\" content=\"pt_BR\" \/>\n<meta property=\"og:type\" content=\"article\" \/>\n<meta property=\"og:title\" content=\"Casos de Sucesso - Blog Segertech\" \/>\n<meta property=\"og:url\" content=\"https:\/\/www.segertech.com.br\/blog\/casos-de-sucesso\/\" \/>\n<meta property=\"og:site_name\" content=\"Blog Segertech\" \/>\n<meta property=\"article:modified_time\" content=\"2026-03-10T17:13:15+00:00\" \/>\n<meta name=\"twitter:card\" content=\"summary_large_image\" \/>\n<script type=\"application\/ld+json\" class=\"yoast-schema-graph\">{\"@context\":\"https:\\\/\\\/schema.org\",\"@graph\":[{\"@type\":\"WebPage\",\"@id\":\"https:\\\/\\\/www.segertech.com.br\\\/blog\\\/casos-de-sucesso\\\/\",\"url\":\"https:\\\/\\\/www.segertech.com.br\\\/blog\\\/casos-de-sucesso\\\/\",\"name\":\"Casos de Sucesso - Blog Segertech\",\"isPartOf\":{\"@id\":\"https:\\\/\\\/www.segertech.com.br\\\/blog\\\/#website\"},\"datePublished\":\"2026-03-10T14:10:24+00:00\",\"dateModified\":\"2026-03-10T17:13:15+00:00\",\"breadcrumb\":{\"@id\":\"https:\\\/\\\/www.segertech.com.br\\\/blog\\\/casos-de-sucesso\\\/#breadcrumb\"},\"inLanguage\":\"pt-BR\",\"potentialAction\":[{\"@type\":\"ReadAction\",\"target\":[\"https:\\\/\\\/www.segertech.com.br\\\/blog\\\/casos-de-sucesso\\\/\"]}]},{\"@type\":\"BreadcrumbList\",\"@id\":\"https:\\\/\\\/www.segertech.com.br\\\/blog\\\/casos-de-sucesso\\\/#breadcrumb\",\"itemListElement\":[{\"@type\":\"ListItem\",\"position\":1,\"name\":\"In\u00edcio\",\"item\":\"https:\\\/\\\/www.segertech.com.br\\\/blog\\\/\"},{\"@type\":\"ListItem\",\"position\":2,\"name\":\"Casos de Sucesso\"}]},{\"@type\":\"WebSite\",\"@id\":\"https:\\\/\\\/www.segertech.com.br\\\/blog\\\/#website\",\"url\":\"https:\\\/\\\/www.segertech.com.br\\\/blog\\\/\",\"name\":\"Blog Segertech\",\"description\":\"Tecnologia em Redes Inteligentes\",\"publisher\":{\"@id\":\"https:\\\/\\\/www.segertech.com.br\\\/blog\\\/#organization\"},\"potentialAction\":[{\"@type\":\"SearchAction\",\"target\":{\"@type\":\"EntryPoint\",\"urlTemplate\":\"https:\\\/\\\/www.segertech.com.br\\\/blog\\\/?s={search_term_string}\"},\"query-input\":{\"@type\":\"PropertyValueSpecification\",\"valueRequired\":true,\"valueName\":\"search_term_string\"}}],\"inLanguage\":\"pt-BR\"},{\"@type\":\"Organization\",\"@id\":\"https:\\\/\\\/www.segertech.com.br\\\/blog\\\/#organization\",\"name\":\"Segertech\",\"url\":\"https:\\\/\\\/www.segertech.com.br\\\/blog\\\/\",\"logo\":{\"@type\":\"ImageObject\",\"inLanguage\":\"pt-BR\",\"@id\":\"https:\\\/\\\/www.segertech.com.br\\\/blog\\\/#\\\/schema\\\/logo\\\/image\\\/\",\"url\":\"https:\\\/\\\/www.segertech.com.br\\\/blog\\\/wp-content\\\/uploads\\\/2022\\\/05\\\/logo_segertech-p.png\",\"contentUrl\":\"https:\\\/\\\/www.segertech.com.br\\\/blog\\\/wp-content\\\/uploads\\\/2022\\\/05\\\/logo_segertech-p.png\",\"width\":700,\"height\":179,\"caption\":\"Segertech\"},\"image\":{\"@id\":\"https:\\\/\\\/www.segertech.com.br\\\/blog\\\/#\\\/schema\\\/logo\\\/image\\\/\"}}]}<\/script>\n<!-- \/ Yoast SEO plugin. -->","yoast_head_json":{"title":"Casos de Sucesso - Blog Segertech","robots":{"index":"index","follow":"follow","max-snippet":"max-snippet:-1","max-image-preview":"max-image-preview:large","max-video-preview":"max-video-preview:-1"},"canonical":"https:\/\/www.segertech.com.br\/blog\/casos-de-sucesso\/","og_locale":"pt_BR","og_type":"article","og_title":"Casos de Sucesso - Blog Segertech","og_url":"https:\/\/www.segertech.com.br\/blog\/casos-de-sucesso\/","og_site_name":"Blog Segertech","article_modified_time":"2026-03-10T17:13:15+00:00","twitter_card":"summary_large_image","schema":{"@context":"https:\/\/schema.org","@graph":[{"@type":"WebPage","@id":"https:\/\/www.segertech.com.br\/blog\/casos-de-sucesso\/","url":"https:\/\/www.segertech.com.br\/blog\/casos-de-sucesso\/","name":"Casos de Sucesso - Blog Segertech","isPartOf":{"@id":"https:\/\/www.segertech.com.br\/blog\/#website"},"datePublished":"2026-03-10T14:10:24+00:00","dateModified":"2026-03-10T17:13:15+00:00","breadcrumb":{"@id":"https:\/\/www.segertech.com.br\/blog\/casos-de-sucesso\/#breadcrumb"},"inLanguage":"pt-BR","potentialAction":[{"@type":"ReadAction","target":["https:\/\/www.segertech.com.br\/blog\/casos-de-sucesso\/"]}]},{"@type":"BreadcrumbList","@id":"https:\/\/www.segertech.com.br\/blog\/casos-de-sucesso\/#breadcrumb","itemListElement":[{"@type":"ListItem","position":1,"name":"In\u00edcio","item":"https:\/\/www.segertech.com.br\/blog\/"},{"@type":"ListItem","position":2,"name":"Casos de Sucesso"}]},{"@type":"WebSite","@id":"https:\/\/www.segertech.com.br\/blog\/#website","url":"https:\/\/www.segertech.com.br\/blog\/","name":"Blog Segertech","description":"Tecnologia em Redes Inteligentes","publisher":{"@id":"https:\/\/www.segertech.com.br\/blog\/#organization"},"potentialAction":[{"@type":"SearchAction","target":{"@type":"EntryPoint","urlTemplate":"https:\/\/www.segertech.com.br\/blog\/?s={search_term_string}"},"query-input":{"@type":"PropertyValueSpecification","valueRequired":true,"valueName":"search_term_string"}}],"inLanguage":"pt-BR"},{"@type":"Organization","@id":"https:\/\/www.segertech.com.br\/blog\/#organization","name":"Segertech","url":"https:\/\/www.segertech.com.br\/blog\/","logo":{"@type":"ImageObject","inLanguage":"pt-BR","@id":"https:\/\/www.segertech.com.br\/blog\/#\/schema\/logo\/image\/","url":"https:\/\/www.segertech.com.br\/blog\/wp-content\/uploads\/2022\/05\/logo_segertech-p.png","contentUrl":"https:\/\/www.segertech.com.br\/blog\/wp-content\/uploads\/2022\/05\/logo_segertech-p.png","width":700,"height":179,"caption":"Segertech"},"image":{"@id":"https:\/\/www.segertech.com.br\/blog\/#\/schema\/logo\/image\/"}}]}},"_links":{"self":[{"href":"https:\/\/www.segertech.com.br\/blog\/wp-json\/wp\/v2\/pages\/459","targetHints":{"allow":["GET"]}}],"collection":[{"href":"https:\/\/www.segertech.com.br\/blog\/wp-json\/wp\/v2\/pages"}],"about":[{"href":"https:\/\/www.segertech.com.br\/blog\/wp-json\/wp\/v2\/types\/page"}],"author":[{"embeddable":true,"href":"https:\/\/www.segertech.com.br\/blog\/wp-json\/wp\/v2\/users\/2"}],"replies":[{"embeddable":true,"href":"https:\/\/www.segertech.com.br\/blog\/wp-json\/wp\/v2\/comments?post=459"}],"version-history":[{"count":4,"href":"https:\/\/www.segertech.com.br\/blog\/wp-json\/wp\/v2\/pages\/459\/revisions"}],"predecessor-version":[{"id":485,"href":"https:\/\/www.segertech.com.br\/blog\/wp-json\/wp\/v2\/pages\/459\/revisions\/485"}],"wp:attachment":[{"href":"https:\/\/www.segertech.com.br\/blog\/wp-json\/wp\/v2\/media?parent=459"}],"curies":[{"name":"wp","href":"https:\/\/api.w.org\/{rel}","templated":true}]}}